{"id":13,"date":"2024-02-09T12:07:25","date_gmt":"2024-02-09T11:07:25","guid":{"rendered":"https:\/\/arr11928.ginette-et-compagnie.fr\/?page_id=13"},"modified":"2024-04-08T11:47:29","modified_gmt":"2024-04-08T09:47:29","slug":"mentions-legales","status":"publish","type":"page","link":"https:\/\/noixdegrenoble-riviere.com\/?page_id=13","title":{"rendered":"Mentions L\u00e9gales"},"content":{"rendered":"<div id=\"cs-content\" class=\"cs-content\"><\/div>\n","protected":false},"excerpt":{"rendered":"<p>Renseignements juridiques Raison sociale : Noix de Grenoble&nbsp; Distribu&eacute; par la S.A.R.L Rivi&egrave;re Si&egrave;ge : 38470 VINAY &ndash;Tel + 33 4.76.36.35.30Fax + 33 4.76.36.35.31contact@noixdegrenoble-riviere.com Directrice de publication : Arnaud Rivi&egrave;re Droits d&rsquo;auteur &amp; droits de reproduction L&rsquo;ensemble des contenus de ce site rel&egrave;ve de la l&eacute;gislation fran&ccedil;aise et internationale sur les droits d&rsquo;auteur et la propri&eacute;t&eacute; intellectuelle. Tous les droits &#8230; <\/p>\n<div><a href=\"https:\/\/noixdegrenoble-riviere.com\/?page_id=13\" class=\"more-link\">Read More<\/a><\/div>\n","protected":false},"author":1,"featured_media":0,"parent":0,"menu_order":0,"comment_status":"closed","ping_status":"closed","template":"template-blank-4.php","meta":{"footnotes":""},"class_list":["post-13","page","type-page","status-publish","hentry","no-post-thumbnail"],"yoast_head":"<!-- This site is optimized with the Yoast SEO plugin v22.4 - https:\/\/yoast.com\/wordpress\/plugins\/seo\/ -->\n<title>Mentions L\u00e9gales - Arnaud Rivi\u00e8re<\/title>\n<meta name=\"robots\" content=\"index, follow, max-snippet:-1, max-image-preview:large, max-video-preview:-1\" \/>\n<link rel=\"canonical\" href=\"https:\/\/noixdegrenoble-riviere.com\/?page_id=13\" \/>\n<meta property=\"og:locale\" content=\"fr_FR\" \/>\n<meta property=\"og:type\" content=\"article\" \/>\n<meta property=\"og:title\" content=\"Mentions L\u00e9gales - Arnaud Rivi\u00e8re\" \/>\n<meta property=\"og:description\" content=\"Renseignements juridiques Raison sociale : Noix de Grenoble&nbsp; Distribu&eacute; par la S.A.R.L Rivi&egrave;re Si&egrave;ge : 38470 VINAY &ndash;Tel + 33 4.76.36.35.30Fax + 33 4.76.36.35.31contact@noixdegrenoble-riviere.com Directrice de publication : Arnaud Rivi&egrave;re Droits d&rsquo;auteur &amp; droits de reproduction L&rsquo;ensemble des contenus de ce site rel&egrave;ve de la l&eacute;gislation fran&ccedil;aise et internationale sur les droits d&rsquo;auteur et la propri&eacute;t&eacute; intellectuelle. Tous les droits ... Read More\" \/>\n<meta property=\"og:url\" content=\"https:\/\/noixdegrenoble-riviere.com\/?page_id=13\" \/>\n<meta property=\"og:site_name\" content=\"Arnaud Rivi\u00e8re\" \/>\n<meta property=\"article:modified_time\" content=\"2024-04-08T09:47:29+00:00\" \/>\n<meta name=\"twitter:card\" content=\"summary_large_image\" \/>\n<meta name=\"twitter:label1\" content=\"Dur\u00e9e de lecture estim\u00e9e\" \/>\n\t<meta name=\"twitter:data1\" content=\"7 minutes\" \/>\n<script type=\"application\/ld+json\" class=\"yoast-schema-graph\">{\"@context\":\"https:\/\/schema.org\",\"@graph\":[{\"@type\":\"WebPage\",\"@id\":\"https:\/\/noixdegrenoble-riviere.com\/?page_id=13\",\"url\":\"https:\/\/noixdegrenoble-riviere.com\/?page_id=13\",\"name\":\"Mentions L\u00e9gales - Arnaud Rivi\u00e8re\",\"isPartOf\":{\"@id\":\"https:\/\/noixdegrenoble-riviere.com\/#website\"},\"datePublished\":\"2024-02-09T11:07:25+00:00\",\"dateModified\":\"2024-04-08T09:47:29+00:00\",\"breadcrumb\":{\"@id\":\"https:\/\/noixdegrenoble-riviere.com\/?page_id=13#breadcrumb\"},\"inLanguage\":\"fr-FR\",\"potentialAction\":[{\"@type\":\"ReadAction\",\"target\":[\"https:\/\/noixdegrenoble-riviere.com\/?page_id=13\"]}]},{\"@type\":\"BreadcrumbList\",\"@id\":\"https:\/\/noixdegrenoble-riviere.com\/?page_id=13#breadcrumb\",\"itemListElement\":[{\"@type\":\"ListItem\",\"position\":1,\"name\":\"Accueil\",\"item\":\"https:\/\/noixdegrenoble-riviere.com\/\"},{\"@type\":\"ListItem\",\"position\":2,\"name\":\"Mentions L\u00e9gales\"}]},{\"@type\":\"WebSite\",\"@id\":\"https:\/\/noixdegrenoble-riviere.com\/#website\",\"url\":\"https:\/\/noixdegrenoble-riviere.com\/\",\"name\":\"Arnaud Rivi\u00e8re\",\"description\":\"\",\"potentialAction\":[{\"@type\":\"SearchAction\",\"target\":{\"@type\":\"EntryPoint\",\"urlTemplate\":\"https:\/\/noixdegrenoble-riviere.com\/?s={search_term_string}\"},\"query-input\":\"required name=search_term_string\"}],\"inLanguage\":\"fr-FR\"}]}<\/script>\n<!-- \/ Yoast SEO plugin. -->","yoast_head_json":{"title":"Mentions L\u00e9gales - Arnaud Rivi\u00e8re","robots":{"index":"index","follow":"follow","max-snippet":"max-snippet:-1","max-image-preview":"max-image-preview:large","max-video-preview":"max-video-preview:-1"},"canonical":"https:\/\/noixdegrenoble-riviere.com\/?page_id=13","og_locale":"fr_FR","og_type":"article","og_title":"Mentions L\u00e9gales - Arnaud Rivi\u00e8re","og_description":"Renseignements juridiques Raison sociale : Noix de Grenoble&nbsp; Distribu&eacute; par la S.A.R.L Rivi&egrave;re Si&egrave;ge : 38470 VINAY &ndash;Tel + 33 4.76.36.35.30Fax + 33 4.76.36.35.31contact@noixdegrenoble-riviere.com Directrice de publication : Arnaud Rivi&egrave;re Droits d&rsquo;auteur &amp; droits de reproduction L&rsquo;ensemble des contenus de ce site rel&egrave;ve de la l&eacute;gislation fran&ccedil;aise et internationale sur les droits d&rsquo;auteur et la propri&eacute;t&eacute; intellectuelle. Tous les droits ... Read More","og_url":"https:\/\/noixdegrenoble-riviere.com\/?page_id=13","og_site_name":"Arnaud Rivi\u00e8re","article_modified_time":"2024-04-08T09:47:29+00:00","twitter_card":"summary_large_image","twitter_misc":{"Dur\u00e9e de lecture estim\u00e9e":"7 minutes"},"schema":{"@context":"https:\/\/schema.org","@graph":[{"@type":"WebPage","@id":"https:\/\/noixdegrenoble-riviere.com\/?page_id=13","url":"https:\/\/noixdegrenoble-riviere.com\/?page_id=13","name":"Mentions L\u00e9gales - Arnaud Rivi\u00e8re","isPartOf":{"@id":"https:\/\/noixdegrenoble-riviere.com\/#website"},"datePublished":"2024-02-09T11:07:25+00:00","dateModified":"2024-04-08T09:47:29+00:00","breadcrumb":{"@id":"https:\/\/noixdegrenoble-riviere.com\/?page_id=13#breadcrumb"},"inLanguage":"fr-FR","potentialAction":[{"@type":"ReadAction","target":["https:\/\/noixdegrenoble-riviere.com\/?page_id=13"]}]},{"@type":"BreadcrumbList","@id":"https:\/\/noixdegrenoble-riviere.com\/?page_id=13#breadcrumb","itemListElement":[{"@type":"ListItem","position":1,"name":"Accueil","item":"https:\/\/noixdegrenoble-riviere.com\/"},{"@type":"ListItem","position":2,"name":"Mentions L\u00e9gales"}]},{"@type":"WebSite","@id":"https:\/\/noixdegrenoble-riviere.com\/#website","url":"https:\/\/noixdegrenoble-riviere.com\/","name":"Arnaud Rivi\u00e8re","description":"","potentialAction":[{"@type":"SearchAction","target":{"@type":"EntryPoint","urlTemplate":"https:\/\/noixdegrenoble-riviere.com\/?s={search_term_string}"},"query-input":"required name=search_term_string"}],"inLanguage":"fr-FR"}]}},"_links":{"self":[{"href":"https:\/\/noixdegrenoble-riviere.com\/index.php?rest_route=\/wp\/v2\/pages\/13","targetHints":{"allow":["GET"]}}],"collection":[{"href":"https:\/\/noixdegrenoble-riviere.com\/index.php?rest_route=\/wp\/v2\/pages"}],"about":[{"href":"https:\/\/noixdegrenoble-riviere.com\/index.php?rest_route=\/wp\/v2\/types\/page"}],"author":[{"embeddable":true,"href":"https:\/\/noixdegrenoble-riviere.com\/index.php?rest_route=\/wp\/v2\/users\/1"}],"replies":[{"embeddable":true,"href":"https:\/\/noixdegrenoble-riviere.com\/index.php?rest_route=%2Fwp%2Fv2%2Fcomments&post=13"}],"version-history":[{"count":3,"href":"https:\/\/noixdegrenoble-riviere.com\/index.php?rest_route=\/wp\/v2\/pages\/13\/revisions"}],"predecessor-version":[{"id":190,"href":"https:\/\/noixdegrenoble-riviere.com\/index.php?rest_route=\/wp\/v2\/pages\/13\/revisions\/190"}],"wp:attachment":[{"href":"https:\/\/noixdegrenoble-riviere.com\/index.php?rest_route=%2Fwp%2Fv2%2Fmedia&parent=13"}],"curies":[{"name":"wp","href":"https:\/\/api.w.org\/{rel}","templated":true}]}}